{"id":1187,"date":"2025-05-08T09:55:00","date_gmt":"2025-05-08T07:55:00","guid":{"rendered":"https:\/\/www.rozentals-seura.fi\/?page_id=1187"},"modified":"2025-05-08T09:53:01","modified_gmt":"2025-05-08T07:53:01","slug":"residency","status":"publish","type":"page","link":"https:\/\/www.rozentals-seura.fi\/en\/residency\/","title":{"rendered":"Residence for Latvian Creative Professionals in Fiskars village"},"content":{"rendered":"<div class=\"wp-block-image\">\n<figure class=\"alignleft\"><img decoding=\"async\" src=\"data:image\/svg+xml,%3Csvg%20width=&#039;4&#039;%20height=&#039;3&#039;%20xmlns=&#039;http:\/\/www.w3.org\/2000\/svg&#039;%20viewBox=&#039;0%200%204%203&#039;%3E%3C\/svg%3E\" alt class=\"js-lazy wp-image-1189\" data-src=\"https:\/\/www.rozentals-seura.fi\/wp-content\/uploads\/2017\/03\/residenssivaaka1-728x542-300x223.jpg\"><noscript><img loading=\"lazy\" decoding=\"async\" width=\"300\" height=\"223\" src=\"https:\/\/www.rozentals-seura.fi\/wp-content\/uploads\/2017\/03\/residenssivaaka1-728x542-300x223.jpg\" alt=\"\" class=\"wp-image-1189\" srcset=\"https:\/\/www.rozentals-seura.fi\/wp-content\/uploads\/2017\/03\/residenssivaaka1-728x542-300x223.jpg 300w, https:\/\/www.rozentals-seura.fi\/wp-content\/uploads\/2017\/03\/residenssivaaka1-728x542-435x324.jpg 435w, https:\/\/www.rozentals-seura.fi\/wp-content\/uploads\/2017\/03\/residenssivaaka1-728x542-80x60.jpg 80w, https:\/\/www.rozentals-seura.fi\/wp-content\/uploads\/2017\/03\/residenssivaaka1-728x542.jpg 728w\" sizes=\"auto, (max-width: 300px) 100vw, 300px\" \/><\/noscript><figcaption class=\"wp-element-caption\">In the picture entrance of the house in Fiskars where artists live and work during their residency.<\/figcaption><\/figure>\n<\/div>\n\n\n<p>Rozent\u0101ls- seura (Rozent\u0101ls Society, the Finnish-Latvian friendship association) invites Latvian professionals from all creative fields to apply for a residence in Fiskars village in Finland. This includes, but is not limiter to, working craftspeople, designers, visual artists, architects, industrial designers, performing artists, composers, musicians, curators, producers, journalists, writers and researchers.<\/p>\n\n\n\n<p><strong>Residency period is September 2025.<\/strong> The accommodation for the resident artist is free of charge. Rozent\u0101ls-seura offers fully furnished apartment with private kitchen, bathroom and work space in a traditional Nordic style house in the heart of Fiskars Village. It is suitable also for a couple or small family. Artists must finance their travel and living costs as well as working materials.<\/p>\n\n\n\n<p>Rozent\u0101ls-seura also wishes that the artist is willing to do a presentation of their work to the members of the society.<\/p>\n\n\n\n<p><\/p>\n\n\n\n<h4 class=\"wp-block-heading\">HOW TO APPLY?<br>Resident artist\/ artists are selected on the basis of applications (work plan, CV and portfolio).\u00a0Apply by sending your work plan, CV and portfolio in English via <a href=\"https:\/\/forms.gle\/XxWDpNWGchNJYQG89\">this<\/a><a href=\"https:\/\/forms.gle\/XTHMpiNSX93F8tcg7\"> <\/a><a href=\"https:\/\/docs.google.com\/forms\/d\/e\/1FAIpQLSfRxqJ9djjXLI4cp-AN4XXPGZziA23H0grxJ8-h-NB3hCt-6Q\/viewform?usp=sharing\">link<\/a>. \u00a0Application period closes at 11.59 PM on May 31st.<\/h4>\n\n\n<div class=\"wp-block-image\">\n<figure class=\"alignleft\"><a href=\"https:\/\/www.rozentals-seura.fi\/wp-content\/uploads\/2017\/03\/residenssivaaka2-728x542.jpg\"><img decoding=\"async\" src=\"data:image\/svg+xml,%3Csvg%20width=&#039;4&#039;%20height=&#039;3&#039;%20xmlns=&#039;http:\/\/www.w3.org\/2000\/svg&#039;%20viewBox=&#039;0%200%204%203&#039;%3E%3C\/svg%3E\" alt class=\"js-lazy wp-image-1190\" data-src=\"https:\/\/www.rozentals-seura.fi\/wp-content\/uploads\/2017\/03\/residenssivaaka2-728x542-300x223.jpg\"><noscript><img loading=\"lazy\" decoding=\"async\" width=\"300\" height=\"223\" src=\"https:\/\/www.rozentals-seura.fi\/wp-content\/uploads\/2017\/03\/residenssivaaka2-728x542-300x223.jpg\" alt=\"\" class=\"wp-image-1190\" srcset=\"https:\/\/www.rozentals-seura.fi\/wp-content\/uploads\/2017\/03\/residenssivaaka2-728x542-300x223.jpg 300w, https:\/\/www.rozentals-seura.fi\/wp-content\/uploads\/2017\/03\/residenssivaaka2-728x542-435x324.jpg 435w, https:\/\/www.rozentals-seura.fi\/wp-content\/uploads\/2017\/03\/residenssivaaka2-728x542-80x60.jpg 80w, https:\/\/www.rozentals-seura.fi\/wp-content\/uploads\/2017\/03\/residenssivaaka2-728x542.jpg 728w\" sizes=\"auto, (max-width: 300px) 100vw, 300px\" \/><\/noscript><\/a><figcaption class=\"wp-element-caption\">In the basement of the house is a workshop where artists can work, experiment and maybe even exhibit during their residency.<\/figcaption><\/figure>\n<\/div>\n\n\n<p>Fiskars village is a unique community of people in creative sector. Permanent residents of the Fiskars village are artists, designers, photographers, writers, musicians, goldsmiths, tattoo artists and craftsmen in many fields. Depending on the interests, resident will have the possibility to work together with local artists. The co-working possibilities will be planned together with the resident artist. Find out more about Fiskars <a href=\"http:\/\/www.fiskarsvillage.fi\/\">village<\/a> and the <a href=\"http:\/\/onoma.fi\/fiskars-air\/\">residence<\/a>.<\/p>\n\n\n\n<p>Rozent\u0101ls Society carries out its own publishing activities, arranges seminars, educational events and cultural activities in co-operation with other organizations. Our organisation was founded to promote broader understanding of Latvian social, cultural and economic life in Finland and the mission of the residency program is to stimulate the professional exchange and networking between creative professionals of Finland and Latvia.<\/p>\n\n\n\n<p><\/p>\n\n\n\n<p><\/p>\n\n\n\n<p><\/p>\n\n\n\n<p><\/p>\n\n\n\n<p><strong>Rozent\u0101ls-seura&#8217;s former residence artists are:<\/strong><\/p>\n\n\n\n<p>2024<br>Rebeka Luko\u0161us and Jurijs Tatarkins<br><a href=\"https:\/\/www.rozentals-seura.fi\/kieli-ja-kulttuuri\/taiteilijapariskunta-piirtaa-opettaa-ja-joskus-myos-sienestaa\/\">Interview in Finnish<\/a><\/p>\n\n\n\n<p>2023<br>Ieva Saul\u012bte<br><a href=\"https:\/\/www.rozentals-seura.fi\/kieli-ja-kulttuuri\/paikkaa-kunnioittavaa-taidetta\/\">Interview in Finnish<\/a><\/p>\n\n\n\n<p>2022<br>Krista Anna Bel\u0161evica<br><a href=\"https:\/\/www.rozentals-seura.fi\/kieli-ja-kulttuuri\/ideat-versovat-taiteilijakylassa\/\">Interview in Finnish<\/a><\/p>\n\n\n\n<p>2021 <br>Aina Bik\u0161e<br><a href=\"https:\/\/www.rozentals-seura.fi\/karuselli\/puiden-aania-kuuntelemassa\/\">Interview in Finnish<\/a><\/p>\n\n\n\n<p>2020<br>We organised the exhibition Dimensions of Distance together with Fiskars AiR and Fotocentrum Raseborg to celebrate the 5 years of our residence program. The exhibition gathered together all of our former residence artists. More in Finnish <a href=\"https:\/\/www.rozentals-seura.fi\/karuselli\/etaisyyden-ulottuvuudet-nayttely-nostaa-esiin-residenssiohjelman-taiteilijoita\/\">here<\/a>.<\/p>\n\n\n\n<p>2019<br>El\u012bna Ruka<br><a href=\"https:\/\/www.rozentals-seura.fi\/kaikenlaista-sita-on\/hissimatka-valokuvataiteilija-elina-rukan-kanssa\/\">Interview in Finnish<\/a><\/p>\n\n\n\n<figure class=\"wp-block-embed is-type-video is-provider-youtube wp-block-embed-youtube wp-embed-aspect-16-9 wp-has-aspect-ratio\"><div class=\"wp-block-embed__wrapper\">\n<iframe loading=\"lazy\" title=\"El\u012bna Ruka in Fiskars 2019\" width=\"1320\" height=\"743\" src=\"https:\/\/www.youtube.com\/embed\/0AeaP_XT5Fc?feature=oembed\" frameborder=\"0\" allow=\"accelerometer; autoplay; clipboard-write; encrypted-media; gyroscope; picture-in-picture; web-share\" referrerpolicy=\"strict-origin-when-cross-origin\" allowfullscreen><\/iframe>\n<\/div><\/figure>\n\n\n\n<p><strong>2018<\/strong><br>Visual artist Ingr\u012bda Pi\u010duk\u0101ne did her visual interpretation of both \u2013 Latvian and Finnish national epics \u2013 L\u0101\u010dpl\u0113sis and Kalevala. Her residency project is still in progress and gigantic mushroom is expected to appear on the wall of some tall building in Finland!<\/p>\n\n\n\n<figure class=\"wp-block-embed is-type-video is-provider-youtube wp-block-embed-youtube wp-embed-aspect-16-9 wp-has-aspect-ratio\"><div class=\"wp-block-embed__wrapper\">\n<iframe loading=\"lazy\" title=\"Ingri\u0304da Pic\u030cuka\u0304ne sta\u0304sta par savu ieceri\" width=\"1320\" height=\"743\" src=\"https:\/\/www.youtube.com\/embed\/TcKOhwplIQ4?feature=oembed\" frameborder=\"0\" allow=\"accelerometer; autoplay; clipboard-write; encrypted-media; gyroscope; picture-in-picture; web-share\" referrerpolicy=\"strict-origin-when-cross-origin\" allowfullscreen><\/iframe>\n<\/div><\/figure>\n\n\n\n<p>Interview with Ingrida in Finnish <a href=\"https:\/\/www.rozentals-seura.fi\/karuselli\/feministitaiteilija-ingrida-picukane\/\">here<\/a><\/p>\n\n\n\n<p><strong>2017<\/strong><br>Musician and sound artist Gundega Graudi\u0146a,<br><a href=\"https:\/\/youtu.be\/AF_fq8pwbrU\">Her Residency performance &#8220;Sound Path&#8221; on YouTube<\/a><br><a href=\"https:\/\/www.rozentals-seura.fi\/kieli-ja-kulttuuri\/gundega-graudina\/\">Interview with Gundega in Finnish<\/a><\/p>\n\n\n\n<p><strong>2016<\/strong><br>Jewellery artist Rasma Pu\u0161pure<\/p>\n\n\n\n<figure class=\"wp-block-embed is-type-video is-provider-youtube wp-block-embed-youtube wp-embed-aspect-16-9 wp-has-aspect-ratio\"><div class=\"wp-block-embed__wrapper\">\n<iframe loading=\"lazy\" title=\"Rasma Pu\u0161pure - Fiskars AIR 2016\" width=\"1320\" height=\"743\" src=\"https:\/\/www.youtube.com\/embed\/ZDciLHMcipM?feature=oembed\" frameborder=\"0\" allow=\"accelerometer; autoplay; clipboard-write; encrypted-media; gyroscope; picture-in-picture; web-share\" referrerpolicy=\"strict-origin-when-cross-origin\" allowfullscreen><\/iframe>\n<\/div><\/figure>\n\n\n\n<p>Interview with Rasma in Finnish <a href=\"https:\/\/www.rozentals-seura.fi\/kieli-ja-kulttuuri\/rasma-puspure-etsii-fiskarsista-rauhaa-vastapainoksi-kaupungin-hektisyydelle\/\">here<\/a>.<\/p>\n\n\n\n<p><strong>2015<\/strong><br>Visual artist Eva <span lang=\"LV\">V\u0113vere,&nbsp;<a href=\"http:\/\/www.evavevere.com\">http:\/\/www.evavevere.com<\/a><br>Inverview with Eva in Finnish <a href=\"https:\/\/www.rozentals-seura.fi\/kaikenlaista-sita-on\/varittamalla-onnelliseksi\/\">here<\/a>.<\/span><\/p>\n\n\n\n<p>Fiskars village is located about 90 kilometres from Helsinki. Fiskars can be reached easily by public transport (closest train station Karjaa), by car and by bike.<br><iframe loading=\"lazy\" style=\"border: 0;\" src=\"https:\/\/www.google.com\/maps\/embed?pb=!1m18!1m12!1m3!1d1987.086789988799!2d23.54004771610479!3d60.129626581946!2m3!1f0!2f0!3f0!3m2!1i1024!2i768!4f13.1!3m3!1m2!1s0x468dae69dfa915f5%3A0x2600b5523c18e3c1!2s10470+Fiskari!5e0!3m2!1sfi!2sfi!4v1490968650792\" width=\"400\" height=\"300\" frameborder=\"0\" allowfullscreen=\"allowfullscreen\"><\/iframe><\/p>\n\n\n\n<p><strong>Additional&nbsp;information:<\/strong><\/p>\n\n\n\n<p><span style=\"display: inline !important; float: none; background-color: transparent; color: #333333; cursor: text; font-family: Georgia,'Times New Roman','Bitstream Charter',Times,serif; font-size: 16px; font-style: normal; font-variant: normal; font-weight: 400; letter-spacing: normal; orphans: 2; text-align: left; text-decoration: none; text-indent: 0px; text-transform: none; -webkit-text-stroke-width: 0px; white-space: normal; word-spacing: 0px;\"><strong>Rozent\u0101ls-seura<\/strong><\/span><br>Linda Prauli\u0146a<br>chair of board<br>info@rozentals-seura.fi<br><\/p>\n\n\n\n<p><strong>Fiskars&nbsp;Residence<\/strong><br>Kati Sointukangas<br>programm&nbsp;curator<br>+358 40 0241017<br><span id=\"eeb-38149\"><a class=\"mailto-link\" href=\"mailto:fiskarsair@onoma.fi\">fiskarsair@<\/a><\/span>gmail.com<\/p>\n","protected":false},"excerpt":{"rendered":"<p>Rozent\u0101ls- seura (Rozent\u0101ls Society, the Finnish-Latvian friendship association) invites Latvian professionals from all creative fields to apply for a residence in Fiskars village in Finland. This includes, but is not limiter to, working craftspeople, designers, visual artists, architects, industrial designers, &#8230;<\/p>\n","protected":false},"author":13,"featured_media":3679,"parent":0,"menu_order":0,"comment_status":"closed","ping_status":"closed","template":"","meta":{"footnotes":""},"class_list":["post-1187","page","type-page","status-publish","has-post-thumbnail","hentry"],"yoast_head":"<!-- This site is optimized with the Yoast SEO plugin v27.6 - https:\/\/yoast.com\/product\/yoast-seo-wordpress\/ -->\n<title>Residence for Latvian Creative Professionals in Fiskars village<\/title>\n<meta name=\"description\" content=\"Rozent\u0101ls society is offering an opportunity for Latvian creative professionals to work in the Artist Residence in Fiskars, in Finland. Apply until May 15th, 2021!\" \/>\n<meta name=\"robots\" content=\"index, follow, max-snippet:-1, max-image-preview:large, max-video-preview:-1\" \/>\n<link rel=\"canonical\" href=\"https:\/\/www.rozentals-seura.fi\/en\/residency\/\" \/>\n<meta property=\"og:locale\" content=\"en_US\" \/>\n<meta property=\"og:type\" content=\"article\" \/>\n<meta property=\"og:title\" content=\"Residence for Latvian Creative Professionals in Fiskars village\" \/>\n<meta property=\"og:description\" content=\"Rozent\u0101ls society is offering an opportunity for Latvian creative professionals to work in the Artist Residence in Fiskars, in Finland. Apply until May 15th, 2021!\" \/>\n<meta property=\"og:url\" content=\"https:\/\/www.rozentals-seura.fi\/en\/residency\/\" \/>\n<meta property=\"og:site_name\" content=\"Rozent\u0101ls-seura ry.\" \/>\n<meta property=\"article:publisher\" content=\"https:\/\/www.facebook.com\/rozentalsseura\/\" \/>\n<meta property=\"og:image\" content=\"https:\/\/www.rozentals-seura.fi\/wp-content\/uploads\/2017\/03\/residenssivaaka1-728x542.jpg\" \/>\n\t<meta property=\"og:image:width\" content=\"728\" \/>\n\t<meta property=\"og:image:height\" content=\"542\" \/>\n\t<meta property=\"og:image:type\" content=\"image\/jpeg\" \/>\n<meta name=\"twitter:label1\" content=\"Est. reading time\" \/>\n\t<meta name=\"twitter:data1\" content=\"5 minutes\" \/>\n<script type=\"application\/ld+json\" class=\"yoast-schema-graph\">{\"@context\":\"https:\\\/\\\/schema.org\",\"@graph\":[{\"@type\":\"WebPage\",\"@id\":\"https:\\\/\\\/www.rozentals-seura.fi\\\/en\\\/residency\\\/\",\"url\":\"https:\\\/\\\/www.rozentals-seura.fi\\\/en\\\/residency\\\/\",\"name\":\"Residence for Latvian Creative Professionals in Fiskars village\",\"isPartOf\":{\"@id\":\"https:\\\/\\\/www.rozentals-seura.fi\\\/#website\"},\"primaryImageOfPage\":{\"@id\":\"https:\\\/\\\/www.rozentals-seura.fi\\\/en\\\/residency\\\/#primaryimage\"},\"image\":{\"@id\":\"https:\\\/\\\/www.rozentals-seura.fi\\\/en\\\/residency\\\/#primaryimage\"},\"thumbnailUrl\":\"https:\\\/\\\/www.rozentals-seura.fi\\\/wp-content\\\/uploads\\\/2017\\\/03\\\/residenssivaaka1-728x542.jpg\",\"datePublished\":\"2025-05-08T07:55:00+00:00\",\"description\":\"Rozent\u0101ls society is offering an opportunity for Latvian creative professionals to work in the Artist Residence in Fiskars, in Finland. Apply until May 15th, 2021!\",\"inLanguage\":\"en-US\",\"potentialAction\":[{\"@type\":\"ReadAction\",\"target\":[\"https:\\\/\\\/www.rozentals-seura.fi\\\/en\\\/residency\\\/\"]}]},{\"@type\":\"ImageObject\",\"inLanguage\":\"en-US\",\"@id\":\"https:\\\/\\\/www.rozentals-seura.fi\\\/en\\\/residency\\\/#primaryimage\",\"url\":\"https:\\\/\\\/www.rozentals-seura.fi\\\/wp-content\\\/uploads\\\/2017\\\/03\\\/residenssivaaka1-728x542.jpg\",\"contentUrl\":\"https:\\\/\\\/www.rozentals-seura.fi\\\/wp-content\\\/uploads\\\/2017\\\/03\\\/residenssivaaka1-728x542.jpg\",\"width\":728,\"height\":542},{\"@type\":\"WebSite\",\"@id\":\"https:\\\/\\\/www.rozentals-seura.fi\\\/#website\",\"url\":\"https:\\\/\\\/www.rozentals-seura.fi\\\/\",\"name\":\"Rozent\u0101ls-seura ry.\",\"description\":\"Suomi-Latvia-yst&auml;vyysseura\",\"publisher\":{\"@id\":\"https:\\\/\\\/www.rozentals-seura.fi\\\/#organization\"},\"potentialAction\":[{\"@type\":\"SearchAction\",\"target\":{\"@type\":\"EntryPoint\",\"urlTemplate\":\"https:\\\/\\\/www.rozentals-seura.fi\\\/?s={search_term_string}\"},\"query-input\":{\"@type\":\"PropertyValueSpecification\",\"valueRequired\":true,\"valueName\":\"search_term_string\"}}],\"inLanguage\":\"en-US\"},{\"@type\":\"Organization\",\"@id\":\"https:\\\/\\\/www.rozentals-seura.fi\\\/#organization\",\"name\":\"Rozentals-seura ry\",\"url\":\"https:\\\/\\\/www.rozentals-seura.fi\\\/\",\"logo\":{\"@type\":\"ImageObject\",\"inLanguage\":\"en-US\",\"@id\":\"https:\\\/\\\/www.rozentals-seura.fi\\\/#\\\/schema\\\/logo\\\/image\\\/\",\"url\":\"https:\\\/\\\/www.rozentals-seura.fi\\\/wp-content\\\/uploads\\\/2020\\\/12\\\/Rozentals-logo.png\",\"contentUrl\":\"https:\\\/\\\/www.rozentals-seura.fi\\\/wp-content\\\/uploads\\\/2020\\\/12\\\/Rozentals-logo.png\",\"width\":380,\"height\":512,\"caption\":\"Rozentals-seura ry\"},\"image\":{\"@id\":\"https:\\\/\\\/www.rozentals-seura.fi\\\/#\\\/schema\\\/logo\\\/image\\\/\"},\"sameAs\":[\"https:\\\/\\\/www.facebook.com\\\/rozentalsseura\\\/\"]}]}<\/script>\n<!-- \/ Yoast SEO plugin. -->","yoast_head_json":{"title":"Residence for Latvian Creative Professionals in Fiskars village","description":"Rozent\u0101ls society is offering an opportunity for Latvian creative professionals to work in the Artist Residence in Fiskars, in Finland. Apply until May 15th, 2021!","robots":{"index":"index","follow":"follow","max-snippet":"max-snippet:-1","max-image-preview":"max-image-preview:large","max-video-preview":"max-video-preview:-1"},"canonical":"https:\/\/www.rozentals-seura.fi\/en\/residency\/","og_locale":"en_US","og_type":"article","og_title":"Residence for Latvian Creative Professionals in Fiskars village","og_description":"Rozent\u0101ls society is offering an opportunity for Latvian creative professionals to work in the Artist Residence in Fiskars, in Finland. Apply until May 15th, 2021!","og_url":"https:\/\/www.rozentals-seura.fi\/en\/residency\/","og_site_name":"Rozent\u0101ls-seura ry.","article_publisher":"https:\/\/www.facebook.com\/rozentalsseura\/","og_image":[{"width":728,"height":542,"url":"https:\/\/www.rozentals-seura.fi\/wp-content\/uploads\/2017\/03\/residenssivaaka1-728x542.jpg","type":"image\/jpeg"}],"twitter_misc":{"Est. reading time":"5 minutes"},"schema":{"@context":"https:\/\/schema.org","@graph":[{"@type":"WebPage","@id":"https:\/\/www.rozentals-seura.fi\/en\/residency\/","url":"https:\/\/www.rozentals-seura.fi\/en\/residency\/","name":"Residence for Latvian Creative Professionals in Fiskars village","isPartOf":{"@id":"https:\/\/www.rozentals-seura.fi\/#website"},"primaryImageOfPage":{"@id":"https:\/\/www.rozentals-seura.fi\/en\/residency\/#primaryimage"},"image":{"@id":"https:\/\/www.rozentals-seura.fi\/en\/residency\/#primaryimage"},"thumbnailUrl":"https:\/\/www.rozentals-seura.fi\/wp-content\/uploads\/2017\/03\/residenssivaaka1-728x542.jpg","datePublished":"2025-05-08T07:55:00+00:00","description":"Rozent\u0101ls society is offering an opportunity for Latvian creative professionals to work in the Artist Residence in Fiskars, in Finland. Apply until May 15th, 2021!","inLanguage":"en-US","potentialAction":[{"@type":"ReadAction","target":["https:\/\/www.rozentals-seura.fi\/en\/residency\/"]}]},{"@type":"ImageObject","inLanguage":"en-US","@id":"https:\/\/www.rozentals-seura.fi\/en\/residency\/#primaryimage","url":"https:\/\/www.rozentals-seura.fi\/wp-content\/uploads\/2017\/03\/residenssivaaka1-728x542.jpg","contentUrl":"https:\/\/www.rozentals-seura.fi\/wp-content\/uploads\/2017\/03\/residenssivaaka1-728x542.jpg","width":728,"height":542},{"@type":"WebSite","@id":"https:\/\/www.rozentals-seura.fi\/#website","url":"https:\/\/www.rozentals-seura.fi\/","name":"Rozent\u0101ls-seura ry.","description":"Suomi-Latvia-yst&auml;vyysseura","publisher":{"@id":"https:\/\/www.rozentals-seura.fi\/#organization"},"potentialAction":[{"@type":"SearchAction","target":{"@type":"EntryPoint","urlTemplate":"https:\/\/www.rozentals-seura.fi\/?s={search_term_string}"},"query-input":{"@type":"PropertyValueSpecification","valueRequired":true,"valueName":"search_term_string"}}],"inLanguage":"en-US"},{"@type":"Organization","@id":"https:\/\/www.rozentals-seura.fi\/#organization","name":"Rozentals-seura ry","url":"https:\/\/www.rozentals-seura.fi\/","logo":{"@type":"ImageObject","inLanguage":"en-US","@id":"https:\/\/www.rozentals-seura.fi\/#\/schema\/logo\/image\/","url":"https:\/\/www.rozentals-seura.fi\/wp-content\/uploads\/2020\/12\/Rozentals-logo.png","contentUrl":"https:\/\/www.rozentals-seura.fi\/wp-content\/uploads\/2020\/12\/Rozentals-logo.png","width":380,"height":512,"caption":"Rozentals-seura ry"},"image":{"@id":"https:\/\/www.rozentals-seura.fi\/#\/schema\/logo\/image\/"},"sameAs":["https:\/\/www.facebook.com\/rozentalsseura\/"]}]}},"_links":{"self":[{"href":"https:\/\/www.rozentals-seura.fi\/en\/wp-json\/wp\/v2\/pages\/1187","targetHints":{"allow":["GET"]}}],"collection":[{"href":"https:\/\/www.rozentals-seura.fi\/en\/wp-json\/wp\/v2\/pages"}],"about":[{"href":"https:\/\/www.rozentals-seura.fi\/en\/wp-json\/wp\/v2\/types\/page"}],"author":[{"embeddable":true,"href":"https:\/\/www.rozentals-seura.fi\/en\/wp-json\/wp\/v2\/users\/13"}],"replies":[{"embeddable":true,"href":"https:\/\/www.rozentals-seura.fi\/en\/wp-json\/wp\/v2\/comments?post=1187"}],"version-history":[{"count":45,"href":"https:\/\/www.rozentals-seura.fi\/en\/wp-json\/wp\/v2\/pages\/1187\/revisions"}],"predecessor-version":[{"id":6645,"href":"https:\/\/www.rozentals-seura.fi\/en\/wp-json\/wp\/v2\/pages\/1187\/revisions\/6645"}],"wp:featuredmedia":[{"embeddable":true,"href":"https:\/\/www.rozentals-seura.fi\/en\/wp-json\/wp\/v2\/media\/3679"}],"wp:attachment":[{"href":"https:\/\/www.rozentals-seura.fi\/en\/wp-json\/wp\/v2\/media?parent=1187"}],"curies":[{"name":"wp","href":"https:\/\/api.w.org\/{rel}","templated":true}]}}