{"id":4493,"date":"2015-02-19T14:43:04","date_gmt":"2015-02-19T12:43:04","guid":{"rendered":"https:\/\/www.rozentals-seura.fi\/about\/"},"modified":"2020-12-27T20:03:04","modified_gmt":"2020-12-27T18:03:04","slug":"about","status":"publish","type":"page","link":"https:\/\/www.rozentals-seura.fi\/en\/about\/","title":{"rendered":"Rozentals Society"},"content":{"rendered":"\n<p>Rozentals Society was founded in 1990 to promote friendly relationships between Finland and Latvia by facilitating broader understanding of Latvian social, cultural and economic life in Finland. The Society participates in the regional co-operation and promotes both the Finnish-Latvian and the Baltic Sea Region networking. Rozentals Society carries out its own publishing activities. In addition, the Society arranges seminars, educational events and cultural activities in co-operation with other organizations. The Society also arranges Finnish-Latvian formal and informal social meetings. More information about the Rozentals Society can be achieved by email: info(at)rozentals-seura.fi.<\/p>\n","protected":false},"excerpt":{"rendered":"<p>Rozentals Society was founded in 1990 to promote friendly relationships between Finland and Latvia by facilitating broader understanding of Latvian social, cultural and economic life in Finland. The Society participates in the regional co-operation and promotes both the Finnish-Latvian and &#8230;<\/p>\n","protected":false},"author":1,"featured_media":0,"parent":0,"menu_order":0,"comment_status":"closed","ping_status":"closed","template":"","meta":{"footnotes":""},"class_list":["post-4493","page","type-page","status-publish","hentry"],"yoast_head":"<!-- This site is optimized with the Yoast SEO plugin v27.6 - https:\/\/yoast.com\/product\/yoast-seo-wordpress\/ -->\n<title>Rozent\u0101la biedr\u012bba - Rozentals Society - Rozentals society<\/title>\n<meta name=\"description\" content=\"Rozent\u0101la biedr\u012bba ir Somijas-Latvijas sadraudz\u012bbas biedr\u012bba. Rozentals Society promotes friendly relationships between Finland and Latvia.\" \/>\n<meta name=\"robots\" content=\"index, follow, max-snippet:-1, max-image-preview:large, max-video-preview:-1\" \/>\n<link rel=\"canonical\" href=\"https:\/\/www.rozentals-seura.fi\/en\/about\/\" \/>\n<meta property=\"og:locale\" content=\"en_US\" \/>\n<meta property=\"og:type\" content=\"article\" \/>\n<meta property=\"og:title\" content=\"Rozent\u0101la biedr\u012bba - Rozentals Society - Rozentals society\" \/>\n<meta property=\"og:description\" content=\"Rozent\u0101la biedr\u012bba ir Somijas-Latvijas sadraudz\u012bbas biedr\u012bba. Rozentals Society promotes friendly relationships between Finland and Latvia.\" \/>\n<meta property=\"og:url\" content=\"https:\/\/www.rozentals-seura.fi\/en\/about\/\" \/>\n<meta property=\"og:site_name\" content=\"Rozent\u0101ls-seura ry.\" \/>\n<meta property=\"article:publisher\" content=\"https:\/\/www.facebook.com\/rozentalsseura\/\" \/>\n<meta property=\"article:modified_time\" content=\"2020-12-27T18:03:04+00:00\" \/>\n<script type=\"application\/ld+json\" class=\"yoast-schema-graph\">{\"@context\":\"https:\\\/\\\/schema.org\",\"@graph\":[{\"@type\":\"WebPage\",\"@id\":\"https:\\\/\\\/www.rozentals-seura.fi\\\/en\\\/about\\\/\",\"url\":\"https:\\\/\\\/www.rozentals-seura.fi\\\/en\\\/about\\\/\",\"name\":\"Rozent\u0101la biedr\u012bba - Rozentals Society - Rozentals society\",\"isPartOf\":{\"@id\":\"https:\\\/\\\/www.rozentals-seura.fi\\\/#website\"},\"datePublished\":\"2015-02-19T12:43:04+00:00\",\"dateModified\":\"2020-12-27T18:03:04+00:00\",\"description\":\"Rozent\u0101la biedr\u012bba ir Somijas-Latvijas sadraudz\u012bbas biedr\u012bba. Rozentals Society promotes friendly relationships between Finland and Latvia.\",\"inLanguage\":\"en-US\",\"potentialAction\":[{\"@type\":\"ReadAction\",\"target\":[\"https:\\\/\\\/www.rozentals-seura.fi\\\/en\\\/about\\\/\"]}]},{\"@type\":\"WebSite\",\"@id\":\"https:\\\/\\\/www.rozentals-seura.fi\\\/#website\",\"url\":\"https:\\\/\\\/www.rozentals-seura.fi\\\/\",\"name\":\"Rozent\u0101ls-seura ry.\",\"description\":\"Suomi-Latvia-yst&auml;vyysseura\",\"publisher\":{\"@id\":\"https:\\\/\\\/www.rozentals-seura.fi\\\/#organization\"},\"potentialAction\":[{\"@type\":\"SearchAction\",\"target\":{\"@type\":\"EntryPoint\",\"urlTemplate\":\"https:\\\/\\\/www.rozentals-seura.fi\\\/?s={search_term_string}\"},\"query-input\":{\"@type\":\"PropertyValueSpecification\",\"valueRequired\":true,\"valueName\":\"search_term_string\"}}],\"inLanguage\":\"en-US\"},{\"@type\":\"Organization\",\"@id\":\"https:\\\/\\\/www.rozentals-seura.fi\\\/#organization\",\"name\":\"Rozentals-seura ry\",\"url\":\"https:\\\/\\\/www.rozentals-seura.fi\\\/\",\"logo\":{\"@type\":\"ImageObject\",\"inLanguage\":\"en-US\",\"@id\":\"https:\\\/\\\/www.rozentals-seura.fi\\\/#\\\/schema\\\/logo\\\/image\\\/\",\"url\":\"https:\\\/\\\/www.rozentals-seura.fi\\\/wp-content\\\/uploads\\\/2020\\\/12\\\/Rozentals-logo.png\",\"contentUrl\":\"https:\\\/\\\/www.rozentals-seura.fi\\\/wp-content\\\/uploads\\\/2020\\\/12\\\/Rozentals-logo.png\",\"width\":380,\"height\":512,\"caption\":\"Rozentals-seura ry\"},\"image\":{\"@id\":\"https:\\\/\\\/www.rozentals-seura.fi\\\/#\\\/schema\\\/logo\\\/image\\\/\"},\"sameAs\":[\"https:\\\/\\\/www.facebook.com\\\/rozentalsseura\\\/\"]}]}<\/script>\n<!-- \/ Yoast SEO plugin. -->","yoast_head_json":{"title":"Rozent\u0101la biedr\u012bba - Rozentals Society - Rozentals society","description":"Rozent\u0101la biedr\u012bba ir Somijas-Latvijas sadraudz\u012bbas biedr\u012bba. Rozentals Society promotes friendly relationships between Finland and Latvia.","robots":{"index":"index","follow":"follow","max-snippet":"max-snippet:-1","max-image-preview":"max-image-preview:large","max-video-preview":"max-video-preview:-1"},"canonical":"https:\/\/www.rozentals-seura.fi\/en\/about\/","og_locale":"en_US","og_type":"article","og_title":"Rozent\u0101la biedr\u012bba - Rozentals Society - Rozentals society","og_description":"Rozent\u0101la biedr\u012bba ir Somijas-Latvijas sadraudz\u012bbas biedr\u012bba. Rozentals Society promotes friendly relationships between Finland and Latvia.","og_url":"https:\/\/www.rozentals-seura.fi\/en\/about\/","og_site_name":"Rozent\u0101ls-seura ry.","article_publisher":"https:\/\/www.facebook.com\/rozentalsseura\/","article_modified_time":"2020-12-27T18:03:04+00:00","schema":{"@context":"https:\/\/schema.org","@graph":[{"@type":"WebPage","@id":"https:\/\/www.rozentals-seura.fi\/en\/about\/","url":"https:\/\/www.rozentals-seura.fi\/en\/about\/","name":"Rozent\u0101la biedr\u012bba - Rozentals Society - Rozentals society","isPartOf":{"@id":"https:\/\/www.rozentals-seura.fi\/#website"},"datePublished":"2015-02-19T12:43:04+00:00","dateModified":"2020-12-27T18:03:04+00:00","description":"Rozent\u0101la biedr\u012bba ir Somijas-Latvijas sadraudz\u012bbas biedr\u012bba. Rozentals Society promotes friendly relationships between Finland and Latvia.","inLanguage":"en-US","potentialAction":[{"@type":"ReadAction","target":["https:\/\/www.rozentals-seura.fi\/en\/about\/"]}]},{"@type":"WebSite","@id":"https:\/\/www.rozentals-seura.fi\/#website","url":"https:\/\/www.rozentals-seura.fi\/","name":"Rozent\u0101ls-seura ry.","description":"Suomi-Latvia-yst&auml;vyysseura","publisher":{"@id":"https:\/\/www.rozentals-seura.fi\/#organization"},"potentialAction":[{"@type":"SearchAction","target":{"@type":"EntryPoint","urlTemplate":"https:\/\/www.rozentals-seura.fi\/?s={search_term_string}"},"query-input":{"@type":"PropertyValueSpecification","valueRequired":true,"valueName":"search_term_string"}}],"inLanguage":"en-US"},{"@type":"Organization","@id":"https:\/\/www.rozentals-seura.fi\/#organization","name":"Rozentals-seura ry","url":"https:\/\/www.rozentals-seura.fi\/","logo":{"@type":"ImageObject","inLanguage":"en-US","@id":"https:\/\/www.rozentals-seura.fi\/#\/schema\/logo\/image\/","url":"https:\/\/www.rozentals-seura.fi\/wp-content\/uploads\/2020\/12\/Rozentals-logo.png","contentUrl":"https:\/\/www.rozentals-seura.fi\/wp-content\/uploads\/2020\/12\/Rozentals-logo.png","width":380,"height":512,"caption":"Rozentals-seura ry"},"image":{"@id":"https:\/\/www.rozentals-seura.fi\/#\/schema\/logo\/image\/"},"sameAs":["https:\/\/www.facebook.com\/rozentalsseura\/"]}]}},"_links":{"self":[{"href":"https:\/\/www.rozentals-seura.fi\/en\/wp-json\/wp\/v2\/pages\/4493","targetHints":{"allow":["GET"]}}],"collection":[{"href":"https:\/\/www.rozentals-seura.fi\/en\/wp-json\/wp\/v2\/pages"}],"about":[{"href":"https:\/\/www.rozentals-seura.fi\/en\/wp-json\/wp\/v2\/types\/page"}],"author":[{"embeddable":true,"href":"https:\/\/www.rozentals-seura.fi\/en\/wp-json\/wp\/v2\/users\/1"}],"replies":[{"embeddable":true,"href":"https:\/\/www.rozentals-seura.fi\/en\/wp-json\/wp\/v2\/comments?post=4493"}],"version-history":[{"count":0,"href":"https:\/\/www.rozentals-seura.fi\/en\/wp-json\/wp\/v2\/pages\/4493\/revisions"}],"wp:attachment":[{"href":"https:\/\/www.rozentals-seura.fi\/en\/wp-json\/wp\/v2\/media?parent=4493"}],"curies":[{"name":"wp","href":"https:\/\/api.w.org\/{rel}","templated":true}]}}