{"id":4500,"date":"2015-03-19T16:08:50","date_gmt":"2015-03-19T14:08:50","guid":{"rendered":"https:\/\/www.rozentals-seura.fi\/latvian-ystavyysseura\/"},"modified":"2020-12-30T12:45:33","modified_gmt":"2020-12-30T10:45:33","slug":"latvian-ystavyysseura","status":"publish","type":"page","link":"https:\/\/www.rozentals-seura.fi\/en\/","title":{"rendered":"Latvian yst\u00e4vyysseura"},"content":{"rendered":"","protected":false},"excerpt":{"rendered":"<p>Tervetuloa Rozentals-seuran verkkosivulle. T\u00e4\u00e4lt\u00e4 l\u00f6yd\u00e4t tietoa seuran tapahtumista ja Latviasta.<\/p>\n","protected":false},"author":1,"featured_media":3253,"parent":0,"menu_order":0,"comment_status":"closed","ping_status":"closed","template":"template-homepage-blog.php","meta":{"footnotes":""},"class_list":["post-4500","page","type-page","status-publish","has-post-thumbnail","hentry"],"yoast_head":"<!-- This site is optimized with the Yoast SEO plugin v27.4 - https:\/\/yoast.com\/product\/yoast-seo-wordpress\/ -->\n<title>Latvian yst\u00e4vyysseura Rozentals-seura ry. on avoin kaikille Latvian yst\u00e4ville!<\/title>\n<meta name=\"description\" content=\"Latvian yst\u00e4vyysseura Rozentals-seura ry. on Suomi-Latvia-yst\u00e4vyysseura, joka on kaikkien Latviasta kiinnostuneiden oma kansalaisj\u00e4rjest\u00f6.\" \/>\n<meta name=\"robots\" content=\"index, follow, max-snippet:-1, max-image-preview:large, max-video-preview:-1\" \/>\n<link rel=\"canonical\" href=\"https:\/\/www.rozentals-seura.fi\/en\/\" \/>\n<meta property=\"og:locale\" content=\"en_US\" \/>\n<meta property=\"og:type\" content=\"article\" \/>\n<meta property=\"og:title\" content=\"Rozentals-seura ry - Latvian yst\u00e4ville!\" \/>\n<meta property=\"og:description\" content=\"Latvian yst\u00e4vyysseura Rozentals-seura ry. on Suomi-Latvia-yst\u00e4vyysseura, joka on kaikkien Latviasta kiinnostuneiden oma kansalaisj\u00e4rjest\u00f6.\" \/>\n<meta property=\"og:url\" content=\"https:\/\/www.rozentals-seura.fi\/en\/\" \/>\n<meta property=\"og:site_name\" content=\"Rozent\u0101ls-seura ry.\" \/>\n<meta property=\"article:publisher\" content=\"https:\/\/www.facebook.com\/rozentalsseura\/\" \/>\n<meta property=\"article:modified_time\" content=\"2020-12-30T10:45:33+00:00\" \/>\n<meta property=\"og:image\" content=\"https:\/\/www.rozentals-seura.fi\/wp-content\/uploads\/2016\/01\/cropped-Rozentals_black_big_RGB_-1.png\" \/>\n\t<meta property=\"og:image:width\" content=\"660\" \/>\n\t<meta property=\"og:image:height\" content=\"662\" \/>\n\t<meta property=\"og:image:type\" content=\"image\/png\" \/>\n<script type=\"application\/ld+json\" class=\"yoast-schema-graph\">{\"@context\":\"https:\\\/\\\/schema.org\",\"@graph\":[{\"@type\":\"WebPage\",\"@id\":\"https:\\\/\\\/www.rozentals-seura.fi\\\/en\\\/\",\"url\":\"https:\\\/\\\/www.rozentals-seura.fi\\\/en\\\/\",\"name\":\"Latvian yst\u00e4vyysseura Rozentals-seura ry. on avoin kaikille Latvian yst\u00e4ville!\",\"isPartOf\":{\"@id\":\"https:\\\/\\\/www.rozentals-seura.fi\\\/#website\"},\"primaryImageOfPage\":{\"@id\":\"https:\\\/\\\/www.rozentals-seura.fi\\\/en\\\/#primaryimage\"},\"image\":{\"@id\":\"https:\\\/\\\/www.rozentals-seura.fi\\\/en\\\/#primaryimage\"},\"thumbnailUrl\":\"https:\\\/\\\/www.rozentals-seura.fi\\\/wp-content\\\/uploads\\\/2016\\\/01\\\/cropped-Rozentals_black_big_RGB_.png\",\"datePublished\":\"2015-03-19T14:08:50+00:00\",\"dateModified\":\"2020-12-30T10:45:33+00:00\",\"description\":\"Latvian yst\u00e4vyysseura Rozentals-seura ry. on Suomi-Latvia-yst\u00e4vyysseura, joka on kaikkien Latviasta kiinnostuneiden oma kansalaisj\u00e4rjest\u00f6.\",\"inLanguage\":\"en-US\",\"potentialAction\":[{\"@type\":\"ReadAction\",\"target\":[\"https:\\\/\\\/www.rozentals-seura.fi\\\/en\\\/\"]}]},{\"@type\":\"ImageObject\",\"inLanguage\":\"en-US\",\"@id\":\"https:\\\/\\\/www.rozentals-seura.fi\\\/en\\\/#primaryimage\",\"url\":\"https:\\\/\\\/www.rozentals-seura.fi\\\/wp-content\\\/uploads\\\/2016\\\/01\\\/cropped-Rozentals_black_big_RGB_.png\",\"contentUrl\":\"https:\\\/\\\/www.rozentals-seura.fi\\\/wp-content\\\/uploads\\\/2016\\\/01\\\/cropped-Rozentals_black_big_RGB_.png\",\"width\":512,\"height\":512},{\"@type\":\"WebSite\",\"@id\":\"https:\\\/\\\/www.rozentals-seura.fi\\\/#website\",\"url\":\"https:\\\/\\\/www.rozentals-seura.fi\\\/\",\"name\":\"Rozent\u0101ls-seura ry.\",\"description\":\"Suomi-Latvia-yst&auml;vyysseura\",\"publisher\":{\"@id\":\"https:\\\/\\\/www.rozentals-seura.fi\\\/#organization\"},\"potentialAction\":[{\"@type\":\"SearchAction\",\"target\":{\"@type\":\"EntryPoint\",\"urlTemplate\":\"https:\\\/\\\/www.rozentals-seura.fi\\\/?s={search_term_string}\"},\"query-input\":{\"@type\":\"PropertyValueSpecification\",\"valueRequired\":true,\"valueName\":\"search_term_string\"}}],\"inLanguage\":\"en-US\"},{\"@type\":\"Organization\",\"@id\":\"https:\\\/\\\/www.rozentals-seura.fi\\\/#organization\",\"name\":\"Rozentals-seura ry\",\"url\":\"https:\\\/\\\/www.rozentals-seura.fi\\\/\",\"logo\":{\"@type\":\"ImageObject\",\"inLanguage\":\"en-US\",\"@id\":\"https:\\\/\\\/www.rozentals-seura.fi\\\/#\\\/schema\\\/logo\\\/image\\\/\",\"url\":\"https:\\\/\\\/www.rozentals-seura.fi\\\/wp-content\\\/uploads\\\/2020\\\/12\\\/Rozentals-logo.png\",\"contentUrl\":\"https:\\\/\\\/www.rozentals-seura.fi\\\/wp-content\\\/uploads\\\/2020\\\/12\\\/Rozentals-logo.png\",\"width\":380,\"height\":512,\"caption\":\"Rozentals-seura ry\"},\"image\":{\"@id\":\"https:\\\/\\\/www.rozentals-seura.fi\\\/#\\\/schema\\\/logo\\\/image\\\/\"},\"sameAs\":[\"https:\\\/\\\/www.facebook.com\\\/rozentalsseura\\\/\"]}]}<\/script>\n<!-- \/ Yoast SEO plugin. -->","yoast_head_json":{"title":"Latvian yst\u00e4vyysseura Rozentals-seura ry. on avoin kaikille Latvian yst\u00e4ville!","description":"Latvian yst\u00e4vyysseura Rozentals-seura ry. on Suomi-Latvia-yst\u00e4vyysseura, joka on kaikkien Latviasta kiinnostuneiden oma kansalaisj\u00e4rjest\u00f6.","robots":{"index":"index","follow":"follow","max-snippet":"max-snippet:-1","max-image-preview":"max-image-preview:large","max-video-preview":"max-video-preview:-1"},"canonical":"https:\/\/www.rozentals-seura.fi\/en\/","og_locale":"en_US","og_type":"article","og_title":"Rozentals-seura ry - Latvian yst\u00e4ville!","og_description":"Latvian yst\u00e4vyysseura Rozentals-seura ry. on Suomi-Latvia-yst\u00e4vyysseura, joka on kaikkien Latviasta kiinnostuneiden oma kansalaisj\u00e4rjest\u00f6.","og_url":"https:\/\/www.rozentals-seura.fi\/en\/","og_site_name":"Rozent\u0101ls-seura ry.","article_publisher":"https:\/\/www.facebook.com\/rozentalsseura\/","article_modified_time":"2020-12-30T10:45:33+00:00","og_image":[{"width":660,"height":662,"url":"https:\/\/www.rozentals-seura.fi\/wp-content\/uploads\/2016\/01\/cropped-Rozentals_black_big_RGB_-1.png","type":"image\/png"}],"schema":{"@context":"https:\/\/schema.org","@graph":[{"@type":"WebPage","@id":"https:\/\/www.rozentals-seura.fi\/en\/","url":"https:\/\/www.rozentals-seura.fi\/en\/","name":"Latvian yst\u00e4vyysseura Rozentals-seura ry. on avoin kaikille Latvian yst\u00e4ville!","isPartOf":{"@id":"https:\/\/www.rozentals-seura.fi\/#website"},"primaryImageOfPage":{"@id":"https:\/\/www.rozentals-seura.fi\/en\/#primaryimage"},"image":{"@id":"https:\/\/www.rozentals-seura.fi\/en\/#primaryimage"},"thumbnailUrl":"https:\/\/www.rozentals-seura.fi\/wp-content\/uploads\/2016\/01\/cropped-Rozentals_black_big_RGB_.png","datePublished":"2015-03-19T14:08:50+00:00","dateModified":"2020-12-30T10:45:33+00:00","description":"Latvian yst\u00e4vyysseura Rozentals-seura ry. on Suomi-Latvia-yst\u00e4vyysseura, joka on kaikkien Latviasta kiinnostuneiden oma kansalaisj\u00e4rjest\u00f6.","inLanguage":"en-US","potentialAction":[{"@type":"ReadAction","target":["https:\/\/www.rozentals-seura.fi\/en\/"]}]},{"@type":"ImageObject","inLanguage":"en-US","@id":"https:\/\/www.rozentals-seura.fi\/en\/#primaryimage","url":"https:\/\/www.rozentals-seura.fi\/wp-content\/uploads\/2016\/01\/cropped-Rozentals_black_big_RGB_.png","contentUrl":"https:\/\/www.rozentals-seura.fi\/wp-content\/uploads\/2016\/01\/cropped-Rozentals_black_big_RGB_.png","width":512,"height":512},{"@type":"WebSite","@id":"https:\/\/www.rozentals-seura.fi\/#website","url":"https:\/\/www.rozentals-seura.fi\/","name":"Rozent\u0101ls-seura ry.","description":"Suomi-Latvia-yst&auml;vyysseura","publisher":{"@id":"https:\/\/www.rozentals-seura.fi\/#organization"},"potentialAction":[{"@type":"SearchAction","target":{"@type":"EntryPoint","urlTemplate":"https:\/\/www.rozentals-seura.fi\/?s={search_term_string}"},"query-input":{"@type":"PropertyValueSpecification","valueRequired":true,"valueName":"search_term_string"}}],"inLanguage":"en-US"},{"@type":"Organization","@id":"https:\/\/www.rozentals-seura.fi\/#organization","name":"Rozentals-seura ry","url":"https:\/\/www.rozentals-seura.fi\/","logo":{"@type":"ImageObject","inLanguage":"en-US","@id":"https:\/\/www.rozentals-seura.fi\/#\/schema\/logo\/image\/","url":"https:\/\/www.rozentals-seura.fi\/wp-content\/uploads\/2020\/12\/Rozentals-logo.png","contentUrl":"https:\/\/www.rozentals-seura.fi\/wp-content\/uploads\/2020\/12\/Rozentals-logo.png","width":380,"height":512,"caption":"Rozentals-seura ry"},"image":{"@id":"https:\/\/www.rozentals-seura.fi\/#\/schema\/logo\/image\/"},"sameAs":["https:\/\/www.facebook.com\/rozentalsseura\/"]}]}},"_links":{"self":[{"href":"https:\/\/www.rozentals-seura.fi\/en\/wp-json\/wp\/v2\/pages\/4500","targetHints":{"allow":["GET"]}}],"collection":[{"href":"https:\/\/www.rozentals-seura.fi\/en\/wp-json\/wp\/v2\/pages"}],"about":[{"href":"https:\/\/www.rozentals-seura.fi\/en\/wp-json\/wp\/v2\/types\/page"}],"author":[{"embeddable":true,"href":"https:\/\/www.rozentals-seura.fi\/en\/wp-json\/wp\/v2\/users\/1"}],"replies":[{"embeddable":true,"href":"https:\/\/www.rozentals-seura.fi\/en\/wp-json\/wp\/v2\/comments?post=4500"}],"version-history":[{"count":0,"href":"https:\/\/www.rozentals-seura.fi\/en\/wp-json\/wp\/v2\/pages\/4500\/revisions"}],"wp:featuredmedia":[{"embeddable":true,"href":"https:\/\/www.rozentals-seura.fi\/en\/wp-json\/wp\/v2\/media\/3253"}],"wp:attachment":[{"href":"https:\/\/www.rozentals-seura.fi\/en\/wp-json\/wp\/v2\/media?parent=4500"}],"curies":[{"name":"wp","href":"https:\/\/api.w.org\/{rel}","templated":true}]}}