{"id":2,"date":"2015-02-19T14:43:04","date_gmt":"2015-02-19T14:43:04","guid":{"rendered":"https:\/\/www.rozentals-seura.fi\/?page_id=2"},"modified":"2024-08-30T12:38:38","modified_gmt":"2024-08-30T10:38:38","slug":"about","status":"publish","type":"page","link":"https:\/\/www.rozentals-seura.fi\/lv\/about\/","title":{"rendered":"Rozent\u0101la biedr\u012bba"},"content":{"rendered":"\n<p>Rozent\u0101la biedr\u012bba ir Somijas un Latvijas draudz\u012bbas biedr\u012bba, kas darbojas vis\u0101 Somij\u0101. T\u0101s m\u0113r\u0137is ir att\u012bst\u012bt kult\u016bras saites un cita veida sadarb\u012bbu starp Somiju un Latviju, k\u0101 ar\u012b papildin\u0101t un padzi\u013cin\u0101t Somijas iedz\u012bvot\u0101ju zin\u0101\u0161anas un interesi par Latvijas v\u0113sturi, soci\u0101lo, ekonomisko un kult\u016bras dz\u012bvi.<\/p>\n\n\n\n<p>M\u0113s organiz\u0113jam latvie\u0161u valodas kursus pieaugu\u0161ajiem un latvie\u0161u valodas nodarb\u012bbas skolas un pirmskolas vecuma b\u0113rniem. M\u0113s r\u012bkojam biedr\u012bbas biedru ekskursijas uz Latviju un piedal\u0101mies da\u017e\u0101du kult\u016bras pas\u0101kumu organiz\u0113\u0161an\u0101. Katru gadu septembr\u012b m\u0113s pied\u0101v\u0101jam vienam Latvijas rado\u0161\u0101s nozares profesion\u0101lim vietu m\u0101kslinieku rezidenc\u0113 Fiskars AiR; pieteik\u0161an\u0101s rezidencei notiek t\u0101 pa\u0161a gada apr\u012bl\u012b. <\/p>\n\n\n\n<p>Rozent\u0101la biedr\u012bba ir nevalstiska organiz\u0101cija, kur\u0101 var iest\u0101ties ikviens, kuru interes\u0113 biedr\u012bbas m\u0113r\u0137i un uzdevumi. \u0160eit j\u016bs varat las\u012bt vair\u0101k par biedr\u012bbas noteikumiem. M\u0113s priec\u0101jamies par katru jauno biedru, laipni aicin\u0101m pievienoties! Ja v\u0113laties k\u013c\u016bt par biedru, piesakieties <a href=\"https:\/\/www.rozentals-seura.fi\/liity-jaseneksi\/\">\u0161eit<\/a>.<\/p>\n\n\n\n<p><\/p>\n","protected":false},"excerpt":{"rendered":"<p>Rozent\u0101la biedr\u012bba ir Somijas un Latvijas draudz\u012bbas biedr\u012bba, kas darbojas vis\u0101 Somij\u0101. T\u0101s m\u0113r\u0137is ir att\u012bst\u012bt kult\u016bras saites un cita veida sadarb\u012bbu starp Somiju un Latviju, k\u0101 ar\u012b papildin\u0101t un padzi\u013cin\u0101t Somijas iedz\u012bvot\u0101ju zin\u0101\u0161anas un interesi par Latvijas v\u0113sturi, soci\u0101lo, &#8230;<\/p>\n","protected":false},"author":1,"featured_media":0,"parent":0,"menu_order":0,"comment_status":"closed","ping_status":"closed","template":"","meta":{"footnotes":""},"class_list":["post-2","page","type-page","status-publish","hentry"],"yoast_head":"<!-- This site is optimized with the Yoast SEO plugin v27.4 - https:\/\/yoast.com\/product\/yoast-seo-wordpress\/ -->\n<title>Rozent\u0101la biedr\u012bba - Rozent\u0101la biedr\u012bba - Rozentals society<\/title>\n<meta name=\"description\" content=\"Rozent\u0101la biedr\u012bba ir Somijas-Latvijas sadraudz\u012bbas biedr\u012bba. Rozentals Society promotes friendly relationships between Finland and Latvia.\" \/>\n<meta name=\"robots\" content=\"index, follow, max-snippet:-1, max-image-preview:large, max-video-preview:-1\" \/>\n<link rel=\"canonical\" href=\"https:\/\/www.rozentals-seura.fi\/lv\/about\/\" \/>\n<meta property=\"og:locale\" content=\"lv_LV\" \/>\n<meta property=\"og:type\" content=\"article\" \/>\n<meta property=\"og:title\" content=\"Rozent\u0101la biedr\u012bba - Rozent\u0101la biedr\u012bba - Rozentals society\" \/>\n<meta property=\"og:description\" content=\"Rozent\u0101la biedr\u012bba ir Somijas-Latvijas sadraudz\u012bbas biedr\u012bba. Rozentals Society promotes friendly relationships between Finland and Latvia.\" \/>\n<meta property=\"og:url\" content=\"https:\/\/www.rozentals-seura.fi\/lv\/about\/\" \/>\n<meta property=\"og:site_name\" content=\"Rozent\u0101ls-seura ry.\" \/>\n<meta property=\"article:publisher\" content=\"https:\/\/www.facebook.com\/rozentalsseura\/\" \/>\n<meta property=\"article:modified_time\" content=\"2024-08-30T10:38:38+00:00\" \/>\n<meta name=\"twitter:label1\" content=\"Est. reading time\" \/>\n\t<meta name=\"twitter:data1\" content=\"1 min\u016bte\" \/>\n<script type=\"application\/ld+json\" class=\"yoast-schema-graph\">{\"@context\":\"https:\\\/\\\/schema.org\",\"@graph\":[{\"@type\":\"WebPage\",\"@id\":\"https:\\\/\\\/www.rozentals-seura.fi\\\/lv\\\/about\\\/\",\"url\":\"https:\\\/\\\/www.rozentals-seura.fi\\\/lv\\\/about\\\/\",\"name\":\"Rozent\u0101la biedr\u012bba - Rozent\u0101la biedr\u012bba - Rozentals society\",\"isPartOf\":{\"@id\":\"https:\\\/\\\/www.rozentals-seura.fi\\\/#website\"},\"datePublished\":\"2015-02-19T14:43:04+00:00\",\"dateModified\":\"2024-08-30T10:38:38+00:00\",\"description\":\"Rozent\u0101la biedr\u012bba ir Somijas-Latvijas sadraudz\u012bbas biedr\u012bba. Rozentals Society promotes friendly relationships between Finland and Latvia.\",\"inLanguage\":\"lv-LV\",\"potentialAction\":[{\"@type\":\"ReadAction\",\"target\":[\"https:\\\/\\\/www.rozentals-seura.fi\\\/lv\\\/about\\\/\"]}]},{\"@type\":\"WebSite\",\"@id\":\"https:\\\/\\\/www.rozentals-seura.fi\\\/#website\",\"url\":\"https:\\\/\\\/www.rozentals-seura.fi\\\/\",\"name\":\"Rozent\u0101ls-seura ry.\",\"description\":\"Suomi-Latvia-yst&auml;vyysseura\",\"publisher\":{\"@id\":\"https:\\\/\\\/www.rozentals-seura.fi\\\/#organization\"},\"potentialAction\":[{\"@type\":\"SearchAction\",\"target\":{\"@type\":\"EntryPoint\",\"urlTemplate\":\"https:\\\/\\\/www.rozentals-seura.fi\\\/?s={search_term_string}\"},\"query-input\":{\"@type\":\"PropertyValueSpecification\",\"valueRequired\":true,\"valueName\":\"search_term_string\"}}],\"inLanguage\":\"lv-LV\"},{\"@type\":\"Organization\",\"@id\":\"https:\\\/\\\/www.rozentals-seura.fi\\\/#organization\",\"name\":\"Rozentals-seura ry\",\"url\":\"https:\\\/\\\/www.rozentals-seura.fi\\\/\",\"logo\":{\"@type\":\"ImageObject\",\"inLanguage\":\"lv-LV\",\"@id\":\"https:\\\/\\\/www.rozentals-seura.fi\\\/#\\\/schema\\\/logo\\\/image\\\/\",\"url\":\"https:\\\/\\\/www.rozentals-seura.fi\\\/wp-content\\\/uploads\\\/2020\\\/12\\\/Rozentals-logo.png\",\"contentUrl\":\"https:\\\/\\\/www.rozentals-seura.fi\\\/wp-content\\\/uploads\\\/2020\\\/12\\\/Rozentals-logo.png\",\"width\":380,\"height\":512,\"caption\":\"Rozentals-seura ry\"},\"image\":{\"@id\":\"https:\\\/\\\/www.rozentals-seura.fi\\\/#\\\/schema\\\/logo\\\/image\\\/\"},\"sameAs\":[\"https:\\\/\\\/www.facebook.com\\\/rozentalsseura\\\/\"]}]}<\/script>\n<!-- \/ Yoast SEO plugin. -->","yoast_head_json":{"title":"Rozent\u0101la biedr\u012bba - Rozent\u0101la biedr\u012bba - Rozentals society","description":"Rozent\u0101la biedr\u012bba ir Somijas-Latvijas sadraudz\u012bbas biedr\u012bba. Rozentals Society promotes friendly relationships between Finland and Latvia.","robots":{"index":"index","follow":"follow","max-snippet":"max-snippet:-1","max-image-preview":"max-image-preview:large","max-video-preview":"max-video-preview:-1"},"canonical":"https:\/\/www.rozentals-seura.fi\/lv\/about\/","og_locale":"lv_LV","og_type":"article","og_title":"Rozent\u0101la biedr\u012bba - Rozent\u0101la biedr\u012bba - Rozentals society","og_description":"Rozent\u0101la biedr\u012bba ir Somijas-Latvijas sadraudz\u012bbas biedr\u012bba. Rozentals Society promotes friendly relationships between Finland and Latvia.","og_url":"https:\/\/www.rozentals-seura.fi\/lv\/about\/","og_site_name":"Rozent\u0101ls-seura ry.","article_publisher":"https:\/\/www.facebook.com\/rozentalsseura\/","article_modified_time":"2024-08-30T10:38:38+00:00","twitter_misc":{"Est. reading time":"1 min\u016bte"},"schema":{"@context":"https:\/\/schema.org","@graph":[{"@type":"WebPage","@id":"https:\/\/www.rozentals-seura.fi\/lv\/about\/","url":"https:\/\/www.rozentals-seura.fi\/lv\/about\/","name":"Rozent\u0101la biedr\u012bba - Rozent\u0101la biedr\u012bba - Rozentals society","isPartOf":{"@id":"https:\/\/www.rozentals-seura.fi\/#website"},"datePublished":"2015-02-19T14:43:04+00:00","dateModified":"2024-08-30T10:38:38+00:00","description":"Rozent\u0101la biedr\u012bba ir Somijas-Latvijas sadraudz\u012bbas biedr\u012bba. Rozentals Society promotes friendly relationships between Finland and Latvia.","inLanguage":"lv-LV","potentialAction":[{"@type":"ReadAction","target":["https:\/\/www.rozentals-seura.fi\/lv\/about\/"]}]},{"@type":"WebSite","@id":"https:\/\/www.rozentals-seura.fi\/#website","url":"https:\/\/www.rozentals-seura.fi\/","name":"Rozent\u0101ls-seura ry.","description":"Suomi-Latvia-yst&auml;vyysseura","publisher":{"@id":"https:\/\/www.rozentals-seura.fi\/#organization"},"potentialAction":[{"@type":"SearchAction","target":{"@type":"EntryPoint","urlTemplate":"https:\/\/www.rozentals-seura.fi\/?s={search_term_string}"},"query-input":{"@type":"PropertyValueSpecification","valueRequired":true,"valueName":"search_term_string"}}],"inLanguage":"lv-LV"},{"@type":"Organization","@id":"https:\/\/www.rozentals-seura.fi\/#organization","name":"Rozentals-seura ry","url":"https:\/\/www.rozentals-seura.fi\/","logo":{"@type":"ImageObject","inLanguage":"lv-LV","@id":"https:\/\/www.rozentals-seura.fi\/#\/schema\/logo\/image\/","url":"https:\/\/www.rozentals-seura.fi\/wp-content\/uploads\/2020\/12\/Rozentals-logo.png","contentUrl":"https:\/\/www.rozentals-seura.fi\/wp-content\/uploads\/2020\/12\/Rozentals-logo.png","width":380,"height":512,"caption":"Rozentals-seura ry"},"image":{"@id":"https:\/\/www.rozentals-seura.fi\/#\/schema\/logo\/image\/"},"sameAs":["https:\/\/www.facebook.com\/rozentalsseura\/"]}]}},"_links":{"self":[{"href":"https:\/\/www.rozentals-seura.fi\/lv\/wp-json\/wp\/v2\/pages\/2","targetHints":{"allow":["GET"]}}],"collection":[{"href":"https:\/\/www.rozentals-seura.fi\/lv\/wp-json\/wp\/v2\/pages"}],"about":[{"href":"https:\/\/www.rozentals-seura.fi\/lv\/wp-json\/wp\/v2\/types\/page"}],"author":[{"embeddable":true,"href":"https:\/\/www.rozentals-seura.fi\/lv\/wp-json\/wp\/v2\/users\/1"}],"replies":[{"embeddable":true,"href":"https:\/\/www.rozentals-seura.fi\/lv\/wp-json\/wp\/v2\/comments?post=2"}],"version-history":[{"count":2,"href":"https:\/\/www.rozentals-seura.fi\/lv\/wp-json\/wp\/v2\/pages\/2\/revisions"}],"predecessor-version":[{"id":6363,"href":"https:\/\/www.rozentals-seura.fi\/lv\/wp-json\/wp\/v2\/pages\/2\/revisions\/6363"}],"wp:attachment":[{"href":"https:\/\/www.rozentals-seura.fi\/lv\/wp-json\/wp\/v2\/media?parent=2"}],"curies":[{"name":"wp","href":"https:\/\/api.w.org\/{rel}","templated":true}]}}